{"id":5326,"date":"2023-09-21T18:00:11","date_gmt":"2023-09-21T18:00:11","guid":{"rendered":"https:\/\/liceofrancesmoliere.es\/conseil-decole\/"},"modified":"2026-02-20T10:17:37","modified_gmt":"2026-02-20T10:17:37","slug":"conseil-decole","status":"publish","type":"page","link":"https:\/\/liceofrancesmoliere.es\/fr\/conseil-decole\/","title":{"rendered":"Comptes-Rendus Conseil d&rsquo;\u00e9cole"},"content":{"rendered":"\t\t<div data-elementor-type=\"wp-page\" data-elementor-id=\"5326\" class=\"elementor elementor-5326 elementor-5301\" data-elementor-post-type=\"page\">\n\t\t\t\t\t\t<section class=\"elementor-section elementor-top-section elementor-element elementor-element-1a5587e elementor-section-boxed elementor-section-height-default elementor-section-height-default\" data-id=\"1a5587e\" data-element_type=\"section\" data-e-type=\"section\">\n\t\t\t\t\t\t<div class=\"elementor-container elementor-column-gap-default\">\n\t\t\t\t\t<div class=\"elementor-column elementor-col-100 elementor-top-column elementor-element elementor-element-b798ba6\" data-id=\"b798ba6\" data-element_type=\"column\" data-e-type=\"column\">\n\t\t\t<div class=\"elementor-widget-wrap elementor-element-populated\">\n\t\t\t\t\t\t<div class=\"elementor-element elementor-element-0f3bf1b elementor-widget elementor-widget-image\" data-id=\"0f3bf1b\" data-element_type=\"widget\" data-e-type=\"widget\" data-widget_type=\"image.default\">\n\t\t\t\t<div class=\"elementor-widget-container\">\n\t\t\t\t\t\t\t\t\t\t\t\t\t\t\t<img fetchpriority=\"high\" decoding=\"async\" width=\"1024\" height=\"485\" src=\"https:\/\/liceofrancesmoliere.es\/wp-content\/uploads\/Facade-lycee2-1024x485.jpg\" class=\"attachment-large size-large wp-image-4996\" alt=\"\" srcset=\"https:\/\/liceofrancesmoliere.es\/wp-content\/uploads\/Facade-lycee2-1024x485.jpg 1024w, https:\/\/liceofrancesmoliere.es\/wp-content\/uploads\/Facade-lycee2-300x142.jpg 300w, https:\/\/liceofrancesmoliere.es\/wp-content\/uploads\/Facade-lycee2-768x364.jpg 768w, https:\/\/liceofrancesmoliere.es\/wp-content\/uploads\/Facade-lycee2-1536x728.jpg 1536w, https:\/\/liceofrancesmoliere.es\/wp-content\/uploads\/Facade-lycee2-scaled.jpg 2048w\" sizes=\"(max-width: 1024px) 100vw, 1024px\" \/>\t\t\t\t\t\t\t\t\t\t\t\t\t\t\t<\/div>\n\t\t\t\t<\/div>\n\t\t\t\t\t<\/div>\n\t\t<\/div>\n\t\t\t\t\t<\/div>\n\t\t<\/section>\n\t\t\t\t<section class=\"elementor-section elementor-top-section elementor-element elementor-element-2b9abfe elementor-section-boxed elementor-section-height-default elementor-section-height-default\" data-id=\"2b9abfe\" data-element_type=\"section\" data-e-type=\"section\">\n\t\t\t\t\t\t<div class=\"elementor-container elementor-column-gap-default\">\n\t\t\t\t\t<div class=\"elementor-column elementor-col-100 elementor-top-column elementor-element elementor-element-c4528de\" data-id=\"c4528de\" data-element_type=\"column\" data-e-type=\"column\">\n\t\t\t<div class=\"elementor-widget-wrap elementor-element-populated\">\n\t\t\t\t\t\t<div class=\"elementor-element elementor-element-fe92e71 elementor-widget elementor-widget-heading\" data-id=\"fe92e71\" data-element_type=\"widget\" data-e-type=\"widget\" data-widget_type=\"heading.default\">\n\t\t\t\t<div class=\"elementor-widget-container\">\n\t\t\t\t\t<h1 class=\"elementor-heading-title elementor-size-default\">Comptes-Rendus Conseil d'\u00e9cole<\/h1>\t\t\t\t<\/div>\n\t\t\t\t<\/div>\n\t\t\t\t\t<\/div>\n\t\t<\/div>\n\t\t\t\t\t<\/div>\n\t\t<\/section>\n\t\t\t\t<section class=\"elementor-section elementor-top-section elementor-element elementor-element-906a9c6 elementor-section-boxed elementor-section-height-default elementor-section-height-default\" data-id=\"906a9c6\" data-element_type=\"section\" data-e-type=\"section\">\n\t\t\t\t\t\t<div class=\"elementor-container elementor-column-gap-default\">\n\t\t\t\t\t<div class=\"elementor-column elementor-col-100 elementor-top-column elementor-element elementor-element-b75c482\" data-id=\"b75c482\" data-element_type=\"column\" data-e-type=\"column\">\n\t\t\t<div class=\"elementor-widget-wrap elementor-element-populated\">\n\t\t\t\t\t\t<div class=\"elementor-element elementor-element-ae27f72 elementor-icon-list--layout-traditional elementor-list-item-link-full_width elementor-widget elementor-widget-icon-list\" data-id=\"ae27f72\" data-element_type=\"widget\" data-e-type=\"widget\" data-widget_type=\"icon-list.default\">\n\t\t\t\t<div class=\"elementor-widget-container\">\n\t\t\t\t\t\t\t<ul class=\"elementor-icon-list-items\">\n\t\t\t\t\t\t\t<li class=\"elementor-icon-list-item\">\n\t\t\t\t\t\t\t\t\t\t\t<a href=\"https:\/\/liceofrancesmoliere.es\/wp-content\/uploads\/Proces-verbal-CE-du-1911-25.pdf\">\n\n\t\t\t\t\t\t\t\t\t\t\t\t<span class=\"elementor-icon-list-icon\">\n\t\t\t\t\t\t\t<i aria-hidden=\"true\" class=\"far fa-file-pdf\"><\/i>\t\t\t\t\t\t<\/span>\n\t\t\t\t\t\t\t\t\t\t<span class=\"elementor-icon-list-text\">2024-2025 Compte rendu n\u00ba4<\/span>\n\t\t\t\t\t\t\t\t\t\t\t<\/a>\n\t\t\t\t\t\t\t\t\t<\/li>\n\t\t\t\t\t\t\t\t<li class=\"elementor-icon-list-item\">\n\t\t\t\t\t\t\t\t\t\t\t<a href=\"https:\/\/liceofrancesmoliere.es\/wp-content\/uploads\/REG-INT-CONSEIL-DECOLE-FR-ES-Google-Docs.pdf\">\n\n\t\t\t\t\t\t\t\t\t\t\t\t<span class=\"elementor-icon-list-icon\">\n\t\t\t\t\t\t\t<i aria-hidden=\"true\" class=\"far fa-file-pdf\"><\/i>\t\t\t\t\t\t<\/span>\n\t\t\t\t\t\t\t\t\t\t<span class=\"elementor-icon-list-text\">2024-2025 Compte rendu n\u00ba3<\/span>\n\t\t\t\t\t\t\t\t\t\t\t<\/a>\n\t\t\t\t\t\t\t\t\t<\/li>\n\t\t\t\t\t\t\t\t<li class=\"elementor-icon-list-item\">\n\t\t\t\t\t\t\t\t\t\t\t<a href=\"https:\/\/liceofrancesmoliere.es\/wp-content\/uploads\/CR-CE-0402-2025.pdf\">\n\n\t\t\t\t\t\t\t\t\t\t\t\t<span class=\"elementor-icon-list-icon\">\n\t\t\t\t\t\t\t<i aria-hidden=\"true\" class=\"far fa-file-pdf\"><\/i>\t\t\t\t\t\t<\/span>\n\t\t\t\t\t\t\t\t\t\t<span class=\"elementor-icon-list-text\">2024-2025 Compte rendu n\u00ba2<\/span>\n\t\t\t\t\t\t\t\t\t\t\t<\/a>\n\t\t\t\t\t\t\t\t\t<\/li>\n\t\t\t\t\t\t\t\t<li class=\"elementor-icon-list-item\">\n\t\t\t\t\t\t\t\t\t\t\t<a href=\"https:\/\/liceofrancesmoliere.es\/wp-content\/uploads\/CR-CE-411-2024-2.pdf\">\n\n\t\t\t\t\t\t\t\t\t\t\t\t<span class=\"elementor-icon-list-icon\">\n\t\t\t\t\t\t\t<i aria-hidden=\"true\" class=\"far fa-file-pdf\"><\/i>\t\t\t\t\t\t<\/span>\n\t\t\t\t\t\t\t\t\t\t<span class=\"elementor-icon-list-text\">2024-2025 Compte rendu n\u00ba1<\/span>\n\t\t\t\t\t\t\t\t\t\t\t<\/a>\n\t\t\t\t\t\t\t\t\t<\/li>\n\t\t\t\t\t\t\t\t<li class=\"elementor-icon-list-item\">\n\t\t\t\t\t\t\t\t\t\t\t<a href=\"https:\/\/liceofrancesmoliere.es\/wp-content\/uploads\/CR-Cecole3-19_06_24-1.pdf\">\n\n\t\t\t\t\t\t\t\t\t\t\t\t<span class=\"elementor-icon-list-icon\">\n\t\t\t\t\t\t\t<i aria-hidden=\"true\" class=\"far fa-file-pdf\"><\/i>\t\t\t\t\t\t<\/span>\n\t\t\t\t\t\t\t\t\t\t<span class=\"elementor-icon-list-text\">2023-2024 Compte rendu n\u00ba3<\/span>\n\t\t\t\t\t\t\t\t\t\t\t<\/a>\n\t\t\t\t\t\t\t\t\t<\/li>\n\t\t\t\t\t\t\t\t<li class=\"elementor-icon-list-item\">\n\t\t\t\t\t\t\t\t\t\t\t<a href=\"https:\/\/liceofrancesmoliere.es\/wp-content\/uploads\/CR-Cecole2-28fev24.pdf\">\n\n\t\t\t\t\t\t\t\t\t\t\t\t<span class=\"elementor-icon-list-icon\">\n\t\t\t\t\t\t\t<i aria-hidden=\"true\" class=\"far fa-file-pdf\"><\/i>\t\t\t\t\t\t<\/span>\n\t\t\t\t\t\t\t\t\t\t<span class=\"elementor-icon-list-text\">2023-2024 Compte rendu n\u00b0 2<\/span>\n\t\t\t\t\t\t\t\t\t\t\t<\/a>\n\t\t\t\t\t\t\t\t\t<\/li>\n\t\t\t\t\t\t\t\t<li class=\"elementor-icon-list-item\">\n\t\t\t\t\t\t\t\t\t\t\t<a href=\"https:\/\/liceofrancesmoliere.es\/wp-content\/uploads\/CR-Cecole1-22nov23.pdf\">\n\n\t\t\t\t\t\t\t\t\t\t\t\t<span class=\"elementor-icon-list-icon\">\n\t\t\t\t\t\t\t<i aria-hidden=\"true\" class=\"far fa-file-pdf\"><\/i>\t\t\t\t\t\t<\/span>\n\t\t\t\t\t\t\t\t\t\t<span class=\"elementor-icon-list-text\">2023-2024 Compte rendu n\u00b0 1<\/span>\n\t\t\t\t\t\t\t\t\t\t\t<\/a>\n\t\t\t\t\t\t\t\t\t<\/li>\n\t\t\t\t\t\t\t\t<li class=\"elementor-icon-list-item\">\n\t\t\t\t\t\t\t\t\t\t\t<a href=\"https:\/\/liceofrancesmoliere.es\/wp-content\/uploads\/CR-Cecole3-13juin23.pdf\">\n\n\t\t\t\t\t\t\t\t\t\t\t\t<span class=\"elementor-icon-list-icon\">\n\t\t\t\t\t\t\t<i aria-hidden=\"true\" class=\"far fa-file-pdf\"><\/i>\t\t\t\t\t\t<\/span>\n\t\t\t\t\t\t\t\t\t\t<span class=\"elementor-icon-list-text\">2022-2023 Compte rendu n\u00b0 3<\/span>\n\t\t\t\t\t\t\t\t\t\t\t<\/a>\n\t\t\t\t\t\t\t\t\t<\/li>\n\t\t\t\t\t\t\t\t<li class=\"elementor-icon-list-item\">\n\t\t\t\t\t\t\t\t\t\t\t<a href=\"https:\/\/liceofrancesmoliere.es\/wp-content\/uploads\/CR-Cecole2-2mars23_.pdf\">\n\n\t\t\t\t\t\t\t\t\t\t\t\t<span class=\"elementor-icon-list-icon\">\n\t\t\t\t\t\t\t<i aria-hidden=\"true\" class=\"far fa-file-pdf\"><\/i>\t\t\t\t\t\t<\/span>\n\t\t\t\t\t\t\t\t\t\t<span class=\"elementor-icon-list-text\">2022-2023 Compte rendu n\u00b0 2<\/span>\n\t\t\t\t\t\t\t\t\t\t\t<\/a>\n\t\t\t\t\t\t\t\t\t<\/li>\n\t\t\t\t\t\t\t\t<li class=\"elementor-icon-list-item\">\n\t\t\t\t\t\t\t\t\t\t\t<a href=\"https:\/\/liceofrancesmoliere.es\/wp-content\/uploads\/CR-Cecole1-10nov22_.pdf\">\n\n\t\t\t\t\t\t\t\t\t\t\t\t<span class=\"elementor-icon-list-icon\">\n\t\t\t\t\t\t\t<i aria-hidden=\"true\" class=\"far fa-file-pdf\"><\/i>\t\t\t\t\t\t<\/span>\n\t\t\t\t\t\t\t\t\t\t<span class=\"elementor-icon-list-text\">2022-2023 Compte rendu n\u00b0 1<\/span>\n\t\t\t\t\t\t\t\t\t\t\t<\/a>\n\t\t\t\t\t\t\t\t\t<\/li>\n\t\t\t\t\t\t\t\t<li class=\"elementor-icon-list-item\">\n\t\t\t\t\t\t\t\t\t\t\t<a href=\"https:\/\/liceofrancesmoliere.es\/wp-content\/uploads\/CR-Cecole-20062022-2_.pdf\">\n\n\t\t\t\t\t\t\t\t\t\t\t\t<span class=\"elementor-icon-list-icon\">\n\t\t\t\t\t\t\t<i aria-hidden=\"true\" class=\"far fa-file-pdf\"><\/i>\t\t\t\t\t\t<\/span>\n\t\t\t\t\t\t\t\t\t\t<span class=\"elementor-icon-list-text\">2021-2022 Compte rendu n\u00b0 3<\/span>\n\t\t\t\t\t\t\t\t\t\t\t<\/a>\n\t\t\t\t\t\t\t\t\t<\/li>\n\t\t\t\t\t\t\t\t<li class=\"elementor-icon-list-item\">\n\t\t\t\t\t\t\t\t\t\t\t<a href=\"https:\/\/liceofrancesmoliere.es\/wp-content\/uploads\/cr_cecole_10_02_2022_.pdf\">\n\n\t\t\t\t\t\t\t\t\t\t\t\t<span class=\"elementor-icon-list-icon\">\n\t\t\t\t\t\t\t<i aria-hidden=\"true\" class=\"far fa-file-pdf\"><\/i>\t\t\t\t\t\t<\/span>\n\t\t\t\t\t\t\t\t\t\t<span class=\"elementor-icon-list-text\">2021-2022 Compte rendu n\u00b0 2<\/span>\n\t\t\t\t\t\t\t\t\t\t\t<\/a>\n\t\t\t\t\t\t\t\t\t<\/li>\n\t\t\t\t\t\t\t\t<li class=\"elementor-icon-list-item\">\n\t\t\t\t\t\t\t\t\t\t\t<a href=\"https:\/\/liceofrancesmoliere.es\/wp-content\/uploads\/cr_conseil_ecole_novembre_2021_.pdf\">\n\n\t\t\t\t\t\t\t\t\t\t\t\t<span class=\"elementor-icon-list-icon\">\n\t\t\t\t\t\t\t<i aria-hidden=\"true\" class=\"far fa-file-pdf\"><\/i>\t\t\t\t\t\t<\/span>\n\t\t\t\t\t\t\t\t\t\t<span class=\"elementor-icon-list-text\">2021-2022 Compte rendu n\u00b0 1<\/span>\n\t\t\t\t\t\t\t\t\t\t\t<\/a>\n\t\t\t\t\t\t\t\t\t<\/li>\n\t\t\t\t\t\t<\/ul>\n\t\t\t\t\t\t<\/div>\n\t\t\t\t<\/div>\n\t\t\t\t\t<\/div>\n\t\t<\/div>\n\t\t\t\t\t<\/div>\n\t\t<\/section>\n\t\t\t\t<\/div>\n\t\t","protected":false},"excerpt":{"rendered":"<p>Comptes-Rendus Conseil d&rsquo;\u00e9cole 2024-2025 Compte rendu n\u00ba4 2024-2025 Compte rendu n\u00ba3 2024-2025 Compte rendu n\u00ba2 2024-2025 Compte rendu n\u00ba1 2023-2024 Compte rendu n\u00ba3 2023-2024 Compte rendu n\u00b0 2 2023-2024 Compte rendu n\u00b0 1 2022-2023 Compte rendu n\u00b0 3 2022-2023 Compte rendu n\u00b0 2 2022-2023 Compte rendu n\u00b0 1 2021-2022 Compte rendu n\u00b0 3 2021-2022 Compte [&hellip;]<\/p>\n","protected":false},"author":5,"featured_media":0,"parent":0,"menu_order":0,"comment_status":"closed","ping_status":"closed","template":"elementor_header_footer","meta":{"footnotes":""},"class_list":["post-5326","page","type-page","status-publish","hentry"],"yoast_head":"<!-- This site is optimized with the Yoast SEO Premium plugin v21.8 (Yoast SEO v27.2) - https:\/\/yoast.com\/product\/yoast-seo-premium-wordpress\/ -->\n<title>Comptes-Rendus Conseil d&#039;\u00e9cole | Lyc\u00e9e Fran\u00e7ais International Moli\u00e8re<\/title>\n<meta name=\"description\" content=\"Acc\u00e9dez aux rapports du conseil scolaire du Lyc\u00e9e fran\u00e7ais International Moli\u00e8re. Un enseignement fran\u00e7ais de qualit\u00e9 avec une ouverture internationale !\" \/>\n<meta name=\"robots\" content=\"index, follow, max-snippet:-1, max-image-preview:large, max-video-preview:-1\" \/>\n<link rel=\"canonical\" href=\"https:\/\/liceofrancesmoliere.es\/fr\/conseil-decole\/\" \/>\n<meta property=\"og:locale\" content=\"fr_FR\" \/>\n<meta property=\"og:type\" content=\"article\" \/>\n<meta property=\"og:title\" content=\"Comptes-Rendus Conseil d&#039;\u00e9cole\" \/>\n<meta property=\"og:description\" content=\"Acc\u00e9dez aux rapports du conseil scolaire du Lyc\u00e9e fran\u00e7ais International Moli\u00e8re. Un enseignement fran\u00e7ais de qualit\u00e9 avec une ouverture internationale !\" \/>\n<meta property=\"og:url\" content=\"https:\/\/liceofrancesmoliere.es\/fr\/conseil-decole\/\" \/>\n<meta property=\"og:site_name\" content=\"Lyc\u00e9e Fran\u00e7ais International Moli\u00e8re\" \/>\n<meta property=\"article:publisher\" content=\"https:\/\/www.facebook.com\/lyceefrancaismoliere\" \/>\n<meta property=\"article:modified_time\" content=\"2026-02-20T10:17:37+00:00\" \/>\n<meta property=\"og:image\" content=\"https:\/\/liceofrancesmoliere.es\/wp-content\/uploads\/Facade-lycee2-scaled.jpg\" \/>\n\t<meta property=\"og:image:width\" content=\"2048\" \/>\n\t<meta property=\"og:image:height\" content=\"970\" \/>\n\t<meta property=\"og:image:type\" content=\"image\/jpeg\" \/>\n<meta name=\"twitter:card\" content=\"summary_large_image\" \/>\n<meta name=\"twitter:site\" content=\"@lfimoliere\" \/>\n<meta name=\"twitter:label1\" content=\"Dur\u00e9e de lecture estim\u00e9e\" \/>\n\t<meta name=\"twitter:data1\" content=\"1 minute\" \/>\n<script type=\"application\/ld+json\" class=\"yoast-schema-graph\">{\"@context\":\"https:\/\/schema.org\",\"@graph\":[{\"@type\":\"WebPage\",\"@id\":\"https:\/\/liceofrancesmoliere.es\/fr\/conseil-decole\/\",\"url\":\"https:\/\/liceofrancesmoliere.es\/fr\/conseil-decole\/\",\"name\":\"Comptes-Rendus Conseil d'\u00e9cole | Lyc\u00e9e Fran\u00e7ais International Moli\u00e8re\",\"isPartOf\":{\"@id\":\"https:\/\/liceofrancesmoliere.es\/fr\/#website\"},\"primaryImageOfPage\":{\"@id\":\"https:\/\/liceofrancesmoliere.es\/fr\/conseil-decole\/#primaryimage\"},\"image\":{\"@id\":\"https:\/\/liceofrancesmoliere.es\/fr\/conseil-decole\/#primaryimage\"},\"thumbnailUrl\":\"https:\/\/liceofrancesmoliere.es\/wp-content\/uploads\/Facade-lycee2-1024x485.jpg\",\"datePublished\":\"2023-09-21T18:00:11+00:00\",\"dateModified\":\"2026-02-20T10:17:37+00:00\",\"description\":\"Acc\u00e9dez aux rapports du conseil scolaire du Lyc\u00e9e fran\u00e7ais International Moli\u00e8re. Un enseignement fran\u00e7ais de qualit\u00e9 avec une ouverture internationale !\",\"breadcrumb\":{\"@id\":\"https:\/\/liceofrancesmoliere.es\/fr\/conseil-decole\/#breadcrumb\"},\"inLanguage\":\"fr-FR\",\"potentialAction\":[{\"@type\":\"ReadAction\",\"target\":[\"https:\/\/liceofrancesmoliere.es\/fr\/conseil-decole\/\"]}]},{\"@type\":\"ImageObject\",\"inLanguage\":\"fr-FR\",\"@id\":\"https:\/\/liceofrancesmoliere.es\/fr\/conseil-decole\/#primaryimage\",\"url\":\"https:\/\/liceofrancesmoliere.es\/wp-content\/uploads\/Facade-lycee2-1024x485.jpg\",\"contentUrl\":\"https:\/\/liceofrancesmoliere.es\/wp-content\/uploads\/Facade-lycee2-1024x485.jpg\"},{\"@type\":\"BreadcrumbList\",\"@id\":\"https:\/\/liceofrancesmoliere.es\/fr\/conseil-decole\/#breadcrumb\",\"itemListElement\":[{\"@type\":\"ListItem\",\"position\":1,\"name\":\"Portada\",\"item\":\"https:\/\/liceofrancesmoliere.es\/fr\/\"},{\"@type\":\"ListItem\",\"position\":2,\"name\":\"Comptes-Rendus Conseil d&#8217;\u00e9cole\"}]},{\"@type\":\"WebSite\",\"@id\":\"https:\/\/liceofrancesmoliere.es\/fr\/#website\",\"url\":\"https:\/\/liceofrancesmoliere.es\/fr\/\",\"name\":\"Lyc\u00e9e Fran\u00e7ais International Moli\u00e8re\",\"description\":\"Colegio franc\u00e9s Internacional trinling\u00fce\",\"publisher\":{\"@id\":\"https:\/\/liceofrancesmoliere.es\/fr\/#organization\"},\"alternateName\":\"LFIM Villanueva de la Ca\u00f1ada\",\"potentialAction\":[{\"@type\":\"SearchAction\",\"target\":{\"@type\":\"EntryPoint\",\"urlTemplate\":\"https:\/\/liceofrancesmoliere.es\/fr\/?s={search_term_string}\"},\"query-input\":{\"@type\":\"PropertyValueSpecification\",\"valueRequired\":true,\"valueName\":\"search_term_string\"}}],\"inLanguage\":\"fr-FR\"},{\"@type\":\"Organization\",\"@id\":\"https:\/\/liceofrancesmoliere.es\/fr\/#organization\",\"name\":\"Lyc\u00e9e Fran\u00e7ais International Moli\u00e8re, Villanueva de la Ca\u00f1ada\",\"alternateName\":\"LFIM Villanueva de la Ca\u00f1ada\",\"url\":\"https:\/\/liceofrancesmoliere.es\/fr\/\",\"logo\":{\"@type\":\"ImageObject\",\"inLanguage\":\"fr-FR\",\"@id\":\"https:\/\/liceofrancesmoliere.es\/fr\/#\/schema\/logo\/image\/\",\"url\":\"https:\/\/liceofrancesmoliere.es\/wp-content\/uploads\/Logo-web-nueva-color-correcto.png\",\"contentUrl\":\"https:\/\/liceofrancesmoliere.es\/wp-content\/uploads\/Logo-web-nueva-color-correcto.png\",\"width\":184,\"height\":61,\"caption\":\"Lyc\u00e9e Fran\u00e7ais International Moli\u00e8re, Villanueva de la Ca\u00f1ada\"},\"image\":{\"@id\":\"https:\/\/liceofrancesmoliere.es\/fr\/#\/schema\/logo\/image\/\"},\"sameAs\":[\"https:\/\/www.facebook.com\/lyceefrancaismoliere\",\"https:\/\/x.com\/lfimoliere\",\"https:\/\/www.instagram.com\/lyceefrancaismoliere\/\",\"https:\/\/www.youtube.com\/user\/LyceeMoliereVVA\",\"https:\/\/www.linkedin.com\/in\/lfimoliere\/\"]}]}<\/script>\n<!-- \/ Yoast SEO Premium plugin. -->","yoast_head_json":{"title":"Comptes-Rendus Conseil d'\u00e9cole | Lyc\u00e9e Fran\u00e7ais International Moli\u00e8re","description":"Acc\u00e9dez aux rapports du conseil scolaire du Lyc\u00e9e fran\u00e7ais International Moli\u00e8re. Un enseignement fran\u00e7ais de qualit\u00e9 avec une ouverture internationale !","robots":{"index":"index","follow":"follow","max-snippet":"max-snippet:-1","max-image-preview":"max-image-preview:large","max-video-preview":"max-video-preview:-1"},"canonical":"https:\/\/liceofrancesmoliere.es\/fr\/conseil-decole\/","og_locale":"fr_FR","og_type":"article","og_title":"Comptes-Rendus Conseil d'\u00e9cole","og_description":"Acc\u00e9dez aux rapports du conseil scolaire du Lyc\u00e9e fran\u00e7ais International Moli\u00e8re. Un enseignement fran\u00e7ais de qualit\u00e9 avec une ouverture internationale !","og_url":"https:\/\/liceofrancesmoliere.es\/fr\/conseil-decole\/","og_site_name":"Lyc\u00e9e Fran\u00e7ais International Moli\u00e8re","article_publisher":"https:\/\/www.facebook.com\/lyceefrancaismoliere","article_modified_time":"2026-02-20T10:17:37+00:00","og_image":[{"width":2048,"height":970,"url":"https:\/\/liceofrancesmoliere.es\/wp-content\/uploads\/Facade-lycee2-scaled.jpg","type":"image\/jpeg"}],"twitter_card":"summary_large_image","twitter_site":"@lfimoliere","twitter_misc":{"Dur\u00e9e de lecture estim\u00e9e":"1 minute"},"schema":{"@context":"https:\/\/schema.org","@graph":[{"@type":"WebPage","@id":"https:\/\/liceofrancesmoliere.es\/fr\/conseil-decole\/","url":"https:\/\/liceofrancesmoliere.es\/fr\/conseil-decole\/","name":"Comptes-Rendus Conseil d'\u00e9cole | Lyc\u00e9e Fran\u00e7ais International Moli\u00e8re","isPartOf":{"@id":"https:\/\/liceofrancesmoliere.es\/fr\/#website"},"primaryImageOfPage":{"@id":"https:\/\/liceofrancesmoliere.es\/fr\/conseil-decole\/#primaryimage"},"image":{"@id":"https:\/\/liceofrancesmoliere.es\/fr\/conseil-decole\/#primaryimage"},"thumbnailUrl":"https:\/\/liceofrancesmoliere.es\/wp-content\/uploads\/Facade-lycee2-1024x485.jpg","datePublished":"2023-09-21T18:00:11+00:00","dateModified":"2026-02-20T10:17:37+00:00","description":"Acc\u00e9dez aux rapports du conseil scolaire du Lyc\u00e9e fran\u00e7ais International Moli\u00e8re. Un enseignement fran\u00e7ais de qualit\u00e9 avec une ouverture internationale !","breadcrumb":{"@id":"https:\/\/liceofrancesmoliere.es\/fr\/conseil-decole\/#breadcrumb"},"inLanguage":"fr-FR","potentialAction":[{"@type":"ReadAction","target":["https:\/\/liceofrancesmoliere.es\/fr\/conseil-decole\/"]}]},{"@type":"ImageObject","inLanguage":"fr-FR","@id":"https:\/\/liceofrancesmoliere.es\/fr\/conseil-decole\/#primaryimage","url":"https:\/\/liceofrancesmoliere.es\/wp-content\/uploads\/Facade-lycee2-1024x485.jpg","contentUrl":"https:\/\/liceofrancesmoliere.es\/wp-content\/uploads\/Facade-lycee2-1024x485.jpg"},{"@type":"BreadcrumbList","@id":"https:\/\/liceofrancesmoliere.es\/fr\/conseil-decole\/#breadcrumb","itemListElement":[{"@type":"ListItem","position":1,"name":"Portada","item":"https:\/\/liceofrancesmoliere.es\/fr\/"},{"@type":"ListItem","position":2,"name":"Comptes-Rendus Conseil d&#8217;\u00e9cole"}]},{"@type":"WebSite","@id":"https:\/\/liceofrancesmoliere.es\/fr\/#website","url":"https:\/\/liceofrancesmoliere.es\/fr\/","name":"Lyc\u00e9e Fran\u00e7ais International Moli\u00e8re","description":"Colegio franc\u00e9s Internacional trinling\u00fce","publisher":{"@id":"https:\/\/liceofrancesmoliere.es\/fr\/#organization"},"alternateName":"LFIM Villanueva de la Ca\u00f1ada","potentialAction":[{"@type":"SearchAction","target":{"@type":"EntryPoint","urlTemplate":"https:\/\/liceofrancesmoliere.es\/fr\/?s={search_term_string}"},"query-input":{"@type":"PropertyValueSpecification","valueRequired":true,"valueName":"search_term_string"}}],"inLanguage":"fr-FR"},{"@type":"Organization","@id":"https:\/\/liceofrancesmoliere.es\/fr\/#organization","name":"Lyc\u00e9e Fran\u00e7ais International Moli\u00e8re, Villanueva de la Ca\u00f1ada","alternateName":"LFIM Villanueva de la Ca\u00f1ada","url":"https:\/\/liceofrancesmoliere.es\/fr\/","logo":{"@type":"ImageObject","inLanguage":"fr-FR","@id":"https:\/\/liceofrancesmoliere.es\/fr\/#\/schema\/logo\/image\/","url":"https:\/\/liceofrancesmoliere.es\/wp-content\/uploads\/Logo-web-nueva-color-correcto.png","contentUrl":"https:\/\/liceofrancesmoliere.es\/wp-content\/uploads\/Logo-web-nueva-color-correcto.png","width":184,"height":61,"caption":"Lyc\u00e9e Fran\u00e7ais International Moli\u00e8re, Villanueva de la Ca\u00f1ada"},"image":{"@id":"https:\/\/liceofrancesmoliere.es\/fr\/#\/schema\/logo\/image\/"},"sameAs":["https:\/\/www.facebook.com\/lyceefrancaismoliere","https:\/\/x.com\/lfimoliere","https:\/\/www.instagram.com\/lyceefrancaismoliere\/","https:\/\/www.youtube.com\/user\/LyceeMoliereVVA","https:\/\/www.linkedin.com\/in\/lfimoliere\/"]}]}},"_links":{"self":[{"href":"https:\/\/liceofrancesmoliere.es\/fr\/wp-json\/wp\/v2\/pages\/5326","targetHints":{"allow":["GET"]}}],"collection":[{"href":"https:\/\/liceofrancesmoliere.es\/fr\/wp-json\/wp\/v2\/pages"}],"about":[{"href":"https:\/\/liceofrancesmoliere.es\/fr\/wp-json\/wp\/v2\/types\/page"}],"author":[{"embeddable":true,"href":"https:\/\/liceofrancesmoliere.es\/fr\/wp-json\/wp\/v2\/users\/5"}],"replies":[{"embeddable":true,"href":"https:\/\/liceofrancesmoliere.es\/fr\/wp-json\/wp\/v2\/comments?post=5326"}],"version-history":[{"count":50,"href":"https:\/\/liceofrancesmoliere.es\/fr\/wp-json\/wp\/v2\/pages\/5326\/revisions"}],"predecessor-version":[{"id":17825,"href":"https:\/\/liceofrancesmoliere.es\/fr\/wp-json\/wp\/v2\/pages\/5326\/revisions\/17825"}],"wp:attachment":[{"href":"https:\/\/liceofrancesmoliere.es\/fr\/wp-json\/wp\/v2\/media?parent=5326"}],"curies":[{"name":"wp","href":"https:\/\/api.w.org\/{rel}","templated":true}]}}