{"id":4410,"date":"2023-06-07T15:37:20","date_gmt":"2023-06-07T15:37:20","guid":{"rendered":"https:\/\/liceofrancesmoliere.es\/gracias-por-contactar\/"},"modified":"2024-02-29T14:48:55","modified_gmt":"2024-02-29T14:48:55","slug":"gracias-por-contactar","status":"publish","type":"page","link":"https:\/\/liceofrancesmoliere.es\/fr\/gracias-por-contactar\/","title":{"rendered":"Gracias por contactar"},"content":{"rendered":"\t\t<div data-elementor-type=\"wp-page\" data-elementor-id=\"4410\" class=\"elementor elementor-4410 elementor-4396\" data-elementor-post-type=\"page\">\n\t\t\t\t\t\t<section class=\"elementor-section elementor-top-section elementor-element elementor-element-99151d5 elementor-section-full_width elementor-section-content-middle elementor-section-height-default elementor-section-height-default\" data-id=\"99151d5\" data-element_type=\"section\" data-e-type=\"section\" data-settings=\"{&quot;background_background&quot;:&quot;classic&quot;}\">\n\t\t\t\t\t\t\t<div class=\"elementor-background-overlay\"><\/div>\n\t\t\t\t\t\t\t<div class=\"elementor-container elementor-column-gap-no\">\n\t\t\t\t\t<div class=\"elementor-column elementor-col-100 elementor-top-column elementor-element elementor-element-90c0b4f\" data-id=\"90c0b4f\" data-element_type=\"column\" data-e-type=\"column\">\n\t\t\t<div class=\"elementor-widget-wrap elementor-element-populated\">\n\t\t\t\t\t\t<section class=\"elementor-section elementor-inner-section elementor-element elementor-element-1ef16c2 elementor-section-content-middle elementor-section-boxed elementor-section-height-default elementor-section-height-default\" data-id=\"1ef16c2\" data-element_type=\"section\" data-e-type=\"section\">\n\t\t\t\t\t\t<div class=\"elementor-container elementor-column-gap-no\">\n\t\t\t\t\t<div class=\"elementor-column elementor-col-100 elementor-inner-column elementor-element elementor-element-820bd61\" data-id=\"820bd61\" data-element_type=\"column\" data-e-type=\"column\">\n\t\t\t<div class=\"elementor-widget-wrap elementor-element-populated\">\n\t\t\t\t\t\t<div class=\"elementor-element elementor-element-f8cc9cc elementor-widget__width-initial elementor-widget elementor-widget-heading\" data-id=\"f8cc9cc\" data-element_type=\"widget\" data-e-type=\"widget\" data-widget_type=\"heading.default\">\n\t\t\t\t<div class=\"elementor-widget-container\">\n\t\t\t\t\t<h2 class=\"elementor-heading-title elementor-size-default\">Gracias por contactar<\/h2>\t\t\t\t<\/div>\n\t\t\t\t<\/div>\n\t\t\t\t<div class=\"elementor-element elementor-element-4b1d1db elementor-widget__width-initial elementor-widget elementor-widget-heading\" data-id=\"4b1d1db\" data-element_type=\"widget\" data-e-type=\"widget\" data-widget_type=\"heading.default\">\n\t\t\t\t<div class=\"elementor-widget-container\">\n\t\t\t\t\t<h3 class=\"elementor-heading-title elementor-size-default\">Merci d\u2019avoir contact\u00e9<\/h3>\t\t\t\t<\/div>\n\t\t\t\t<\/div>\n\t\t\t\t\t<\/div>\n\t\t<\/div>\n\t\t\t\t\t<\/div>\n\t\t<\/section>\n\t\t\t\t\t<\/div>\n\t\t<\/div>\n\t\t\t\t\t<\/div>\n\t\t<\/section>\n\t\t\t\t<section class=\"elementor-section elementor-top-section elementor-element elementor-element-fe64ff1 elementor-section-boxed elementor-section-height-default elementor-section-height-default\" data-id=\"fe64ff1\" data-element_type=\"section\" data-e-type=\"section\" data-settings=\"{&quot;background_background&quot;:&quot;classic&quot;}\">\n\t\t\t\t\t\t<div class=\"elementor-container elementor-column-gap-default\">\n\t\t\t\t\t<div class=\"elementor-column elementor-col-100 elementor-top-column elementor-element elementor-element-3c576f0\" data-id=\"3c576f0\" data-element_type=\"column\" data-e-type=\"column\">\n\t\t\t<div class=\"elementor-widget-wrap elementor-element-populated\">\n\t\t\t\t\t\t<section class=\"elementor-section elementor-inner-section elementor-element elementor-element-cd80021 elementor-section-boxed elementor-section-height-default elementor-section-height-default\" data-id=\"cd80021\" data-element_type=\"section\" data-e-type=\"section\">\n\t\t\t\t\t\t<div class=\"elementor-container elementor-column-gap-wider\">\n\t\t\t\t\t<div class=\"elementor-column elementor-col-100 elementor-inner-column elementor-element elementor-element-f929701\" data-id=\"f929701\" data-element_type=\"column\" data-e-type=\"column\">\n\t\t\t<div class=\"elementor-widget-wrap elementor-element-populated\">\n\t\t\t\t\t\t<div class=\"elementor-element elementor-element-ebc189b elementor-widget elementor-widget-text-editor\" data-id=\"ebc189b\" data-element_type=\"widget\" data-e-type=\"widget\" data-widget_type=\"text-editor.default\">\n\t\t\t\t<div class=\"elementor-widget-container\">\n\t\t\t\t\t\t\t\t\t<p>Muchas gracias por contactar con el Lyc\u00e9e Fran\u00e7ais International Moli\u00e8re. En breve, nuestro equipo de servicio de admisiones se pondr\u00e1 en contacto con usted. Le recomendamos visitar \u00abComunidad LFIM\u00bb, donde podr\u00e1s ver la vida acad\u00e9mica y el entorno familiar y personalizado de nuestros estudiantes. \u00a1Le deseamos un buen d\u00eda!<\/p>\n<p><em>Merci beaucoup d\u2019avoir contact\u00e9 le Lyc\u00e9e Fran\u00e7ais Moli\u00e8re International. Sous peu, notre \u00e9quipe du service des admissions vous contactera. Nous vous recommandons de visiter \u00abLFIM Community\u00bb, o\u00f9 vous pourrez voir la vie acad\u00e9mique et l\u2019environnement familial et personnalis\u00e9 de nos \u00e9tudiants. Nous vous souhaitons une bonne journ\u00e9e !<br><\/em><\/p>\t\t\t\t\t\t\t\t<\/div>\n\t\t\t\t<\/div>\n\t\t\t\t\t<\/div>\n\t\t<\/div>\n\t\t\t\t\t<\/div>\n\t\t<\/section>\n\t\t\t\t\t<\/div>\n\t\t<\/div>\n\t\t\t\t\t<\/div>\n\t\t<\/section>\n\t\t\t\t<section class=\"elementor-section elementor-top-section elementor-element elementor-element-9bc8311 elementor-section-boxed elementor-section-height-default elementor-section-height-default\" data-id=\"9bc8311\" data-element_type=\"section\" data-e-type=\"section\">\n\t\t\t\t\t\t<div class=\"elementor-container elementor-column-gap-default\">\n\t\t\t\t\t<div class=\"elementor-column elementor-col-100 elementor-top-column elementor-element elementor-element-f5a0d9c\" data-id=\"f5a0d9c\" data-element_type=\"column\" data-e-type=\"column\">\n\t\t\t<div class=\"elementor-widget-wrap elementor-element-populated\">\n\t\t\t\t\t\t<div class=\"elementor-element elementor-element-ca399f2 elementor-widget elementor-widget-html\" data-id=\"ca399f2\" data-element_type=\"widget\" data-e-type=\"widget\" data-widget_type=\"html.default\">\n\t\t\t\t<div class=\"elementor-widget-container\">\n\t\t\t\t\t<!-- Meta Pixel Code -->\n\n<script>\n\n!function(f,b,e,v,n,t,s)\n\n{if(f.fbq)return;n=f.fbq=function(){n.callMethod?\n\nn.callMethod.apply(n,arguments):n.queue.push(arguments)};\n\nif(!f._fbq)f._fbq=n;n.push=n;n.loaded=!0;n.version='2.0';\n\nn.queue=[];t=b.createElement(e);t.async=!0;\n\nt.src=v;s=b.getElementsByTagName(e)[0];\n\ns.parentNode.insertBefore(t,s)}(window, document,'script',\n\n'https:\/\/connect.facebook.net\/en_US\/fbevents.js');\n\nfbq('init', '757041766193999');\n\nfbq('track', 'PageView');\n\n<\/script>\n\n<noscript><img height=\"1\" width=\"1\" style=\"display:none\"\n\nsrc=\"https:\/\/www.facebook.com\/tr?id=757041766193999&ev=PageView&noscript=1\"\n\n\/><\/noscript>\n\n<!-- End Meta Pixel Code \u2192\n\n\t\t\t\t<\/div>\n\t\t\t\t<\/div>\n\t\t\t\t\t<\/div>\n\t\t<\/div>\n\t\t\t\t\t<\/div>\n\t\t<\/section>\n\t\t\t\t<\/div>\n\t\t","protected":false},"excerpt":{"rendered":"<p>Gracias por contactar Merci d\u2019avoir contact\u00e9 Muchas gracias por contactar con el Lyc\u00e9e Fran\u00e7ais International Moli\u00e8re. En breve, nuestro equipo de servicio de admisiones se pondr\u00e1 en contacto con usted. Le recomendamos visitar \u00abComunidad LFIM\u00bb, donde podr\u00e1s ver la vida acad\u00e9mica y el entorno familiar y personalizado de nuestros estudiantes. \u00a1Le deseamos un buen d\u00eda! [&hellip;]<\/p>\n","protected":false},"author":5,"featured_media":0,"parent":0,"menu_order":0,"comment_status":"closed","ping_status":"closed","template":"","meta":{"footnotes":""},"class_list":["post-4410","page","type-page","status-publish","hentry"],"yoast_head":"<!-- This site is optimized with the Yoast SEO Premium plugin v21.8 (Yoast SEO v27.2) - https:\/\/yoast.com\/product\/yoast-seo-premium-wordpress\/ -->\n<title>Gracias por contactar | Lyc\u00e9e Fran\u00e7ais International Moli\u00e8re<\/title>\n<meta name=\"robots\" content=\"index, follow, max-snippet:-1, max-image-preview:large, max-video-preview:-1\" \/>\n<link rel=\"canonical\" href=\"https:\/\/liceofrancesmoliere.es\/fr\/gracias-por-contactar\/\" \/>\n<meta property=\"og:locale\" content=\"fr_FR\" \/>\n<meta property=\"og:type\" content=\"article\" \/>\n<meta property=\"og:title\" content=\"Gracias por contactar\" \/>\n<meta property=\"og:description\" content=\"Gracias por contactar Merci d\u2019avoir contact\u00e9 Muchas gracias por contactar con el Lyc\u00e9e Fran\u00e7ais International Moli\u00e8re. En breve, nuestro equipo de servicio de admisiones se pondr\u00e1 en contacto con usted. Le recomendamos visitar \u00abComunidad LFIM\u00bb, donde podr\u00e1s ver la vida acad\u00e9mica y el entorno familiar y personalizado de nuestros estudiantes. \u00a1Le deseamos un buen d\u00eda! [&hellip;]\" \/>\n<meta property=\"og:url\" content=\"https:\/\/liceofrancesmoliere.es\/fr\/gracias-por-contactar\/\" \/>\n<meta property=\"og:site_name\" content=\"Lyc\u00e9e Fran\u00e7ais International Moli\u00e8re\" \/>\n<meta property=\"article:publisher\" content=\"https:\/\/www.facebook.com\/lyceefrancaismoliere\" \/>\n<meta property=\"article:modified_time\" content=\"2024-02-29T14:48:55+00:00\" \/>\n<meta property=\"og:image\" content=\"https:\/\/www.facebook.com\/tr?id=757041766193999&ev=PageView&noscript=1\" \/>\n<meta name=\"twitter:card\" content=\"summary_large_image\" \/>\n<meta name=\"twitter:site\" content=\"@lfimoliere\" \/>\n<meta name=\"twitter:label1\" content=\"Dur\u00e9e de lecture estim\u00e9e\" \/>\n\t<meta name=\"twitter:data1\" content=\"1 minute\" \/>\n<script type=\"application\/ld+json\" class=\"yoast-schema-graph\">{\"@context\":\"https:\/\/schema.org\",\"@graph\":[{\"@type\":\"WebPage\",\"@id\":\"https:\/\/liceofrancesmoliere.es\/fr\/gracias-por-contactar\/\",\"url\":\"https:\/\/liceofrancesmoliere.es\/fr\/gracias-por-contactar\/\",\"name\":\"Gracias por contactar | Lyc\u00e9e Fran\u00e7ais International Moli\u00e8re\",\"isPartOf\":{\"@id\":\"https:\/\/liceofrancesmoliere.es\/fr\/#website\"},\"primaryImageOfPage\":{\"@id\":\"https:\/\/liceofrancesmoliere.es\/fr\/gracias-por-contactar\/#primaryimage\"},\"image\":{\"@id\":\"https:\/\/liceofrancesmoliere.es\/fr\/gracias-por-contactar\/#primaryimage\"},\"thumbnailUrl\":\"https:\/\/www.facebook.com\/tr?id=757041766193999&ev=PageView&noscript=1\",\"datePublished\":\"2023-06-07T15:37:20+00:00\",\"dateModified\":\"2024-02-29T14:48:55+00:00\",\"breadcrumb\":{\"@id\":\"https:\/\/liceofrancesmoliere.es\/fr\/gracias-por-contactar\/#breadcrumb\"},\"inLanguage\":\"fr-FR\",\"potentialAction\":[{\"@type\":\"ReadAction\",\"target\":[\"https:\/\/liceofrancesmoliere.es\/fr\/gracias-por-contactar\/\"]}]},{\"@type\":\"ImageObject\",\"inLanguage\":\"fr-FR\",\"@id\":\"https:\/\/liceofrancesmoliere.es\/fr\/gracias-por-contactar\/#primaryimage\",\"url\":\"https:\/\/www.facebook.com\/tr?id=757041766193999&ev=PageView&noscript=1\",\"contentUrl\":\"https:\/\/www.facebook.com\/tr?id=757041766193999&ev=PageView&noscript=1\"},{\"@type\":\"BreadcrumbList\",\"@id\":\"https:\/\/liceofrancesmoliere.es\/fr\/gracias-por-contactar\/#breadcrumb\",\"itemListElement\":[{\"@type\":\"ListItem\",\"position\":1,\"name\":\"Portada\",\"item\":\"https:\/\/liceofrancesmoliere.es\/fr\/\"},{\"@type\":\"ListItem\",\"position\":2,\"name\":\"Gracias por contactar\"}]},{\"@type\":\"WebSite\",\"@id\":\"https:\/\/liceofrancesmoliere.es\/fr\/#website\",\"url\":\"https:\/\/liceofrancesmoliere.es\/fr\/\",\"name\":\"Lyc\u00e9e Fran\u00e7ais International Moli\u00e8re\",\"description\":\"Colegio franc\u00e9s Internacional trinling\u00fce\",\"publisher\":{\"@id\":\"https:\/\/liceofrancesmoliere.es\/fr\/#organization\"},\"alternateName\":\"LFIM Villanueva de la Ca\u00f1ada\",\"potentialAction\":[{\"@type\":\"SearchAction\",\"target\":{\"@type\":\"EntryPoint\",\"urlTemplate\":\"https:\/\/liceofrancesmoliere.es\/fr\/?s={search_term_string}\"},\"query-input\":{\"@type\":\"PropertyValueSpecification\",\"valueRequired\":true,\"valueName\":\"search_term_string\"}}],\"inLanguage\":\"fr-FR\"},{\"@type\":\"Organization\",\"@id\":\"https:\/\/liceofrancesmoliere.es\/fr\/#organization\",\"name\":\"Lyc\u00e9e Fran\u00e7ais International Moli\u00e8re, Villanueva de la Ca\u00f1ada\",\"alternateName\":\"LFIM Villanueva de la Ca\u00f1ada\",\"url\":\"https:\/\/liceofrancesmoliere.es\/fr\/\",\"logo\":{\"@type\":\"ImageObject\",\"inLanguage\":\"fr-FR\",\"@id\":\"https:\/\/liceofrancesmoliere.es\/fr\/#\/schema\/logo\/image\/\",\"url\":\"https:\/\/liceofrancesmoliere.es\/wp-content\/uploads\/Logo-web-nueva-color-correcto.png\",\"contentUrl\":\"https:\/\/liceofrancesmoliere.es\/wp-content\/uploads\/Logo-web-nueva-color-correcto.png\",\"width\":184,\"height\":61,\"caption\":\"Lyc\u00e9e Fran\u00e7ais International Moli\u00e8re, Villanueva de la Ca\u00f1ada\"},\"image\":{\"@id\":\"https:\/\/liceofrancesmoliere.es\/fr\/#\/schema\/logo\/image\/\"},\"sameAs\":[\"https:\/\/www.facebook.com\/lyceefrancaismoliere\",\"https:\/\/x.com\/lfimoliere\",\"https:\/\/www.instagram.com\/lyceefrancaismoliere\/\",\"https:\/\/www.youtube.com\/user\/LyceeMoliereVVA\",\"https:\/\/www.linkedin.com\/in\/lfimoliere\/\"]}]}<\/script>\n<!-- \/ Yoast SEO Premium plugin. -->","yoast_head_json":{"title":"Gracias por contactar | Lyc\u00e9e Fran\u00e7ais International Moli\u00e8re","robots":{"index":"index","follow":"follow","max-snippet":"max-snippet:-1","max-image-preview":"max-image-preview:large","max-video-preview":"max-video-preview:-1"},"canonical":"https:\/\/liceofrancesmoliere.es\/fr\/gracias-por-contactar\/","og_locale":"fr_FR","og_type":"article","og_title":"Gracias por contactar","og_description":"Gracias por contactar Merci d\u2019avoir contact\u00e9 Muchas gracias por contactar con el Lyc\u00e9e Fran\u00e7ais International Moli\u00e8re. En breve, nuestro equipo de servicio de admisiones se pondr\u00e1 en contacto con usted. Le recomendamos visitar \u00abComunidad LFIM\u00bb, donde podr\u00e1s ver la vida acad\u00e9mica y el entorno familiar y personalizado de nuestros estudiantes. \u00a1Le deseamos un buen d\u00eda! [&hellip;]","og_url":"https:\/\/liceofrancesmoliere.es\/fr\/gracias-por-contactar\/","og_site_name":"Lyc\u00e9e Fran\u00e7ais International Moli\u00e8re","article_publisher":"https:\/\/www.facebook.com\/lyceefrancaismoliere","article_modified_time":"2024-02-29T14:48:55+00:00","og_image":[{"url":"https:\/\/www.facebook.com\/tr?id=757041766193999&ev=PageView&noscript=1","type":"","width":"","height":""}],"twitter_card":"summary_large_image","twitter_site":"@lfimoliere","twitter_misc":{"Dur\u00e9e de lecture estim\u00e9e":"1 minute"},"schema":{"@context":"https:\/\/schema.org","@graph":[{"@type":"WebPage","@id":"https:\/\/liceofrancesmoliere.es\/fr\/gracias-por-contactar\/","url":"https:\/\/liceofrancesmoliere.es\/fr\/gracias-por-contactar\/","name":"Gracias por contactar | Lyc\u00e9e Fran\u00e7ais International Moli\u00e8re","isPartOf":{"@id":"https:\/\/liceofrancesmoliere.es\/fr\/#website"},"primaryImageOfPage":{"@id":"https:\/\/liceofrancesmoliere.es\/fr\/gracias-por-contactar\/#primaryimage"},"image":{"@id":"https:\/\/liceofrancesmoliere.es\/fr\/gracias-por-contactar\/#primaryimage"},"thumbnailUrl":"https:\/\/www.facebook.com\/tr?id=757041766193999&ev=PageView&noscript=1","datePublished":"2023-06-07T15:37:20+00:00","dateModified":"2024-02-29T14:48:55+00:00","breadcrumb":{"@id":"https:\/\/liceofrancesmoliere.es\/fr\/gracias-por-contactar\/#breadcrumb"},"inLanguage":"fr-FR","potentialAction":[{"@type":"ReadAction","target":["https:\/\/liceofrancesmoliere.es\/fr\/gracias-por-contactar\/"]}]},{"@type":"ImageObject","inLanguage":"fr-FR","@id":"https:\/\/liceofrancesmoliere.es\/fr\/gracias-por-contactar\/#primaryimage","url":"https:\/\/www.facebook.com\/tr?id=757041766193999&ev=PageView&noscript=1","contentUrl":"https:\/\/www.facebook.com\/tr?id=757041766193999&ev=PageView&noscript=1"},{"@type":"BreadcrumbList","@id":"https:\/\/liceofrancesmoliere.es\/fr\/gracias-por-contactar\/#breadcrumb","itemListElement":[{"@type":"ListItem","position":1,"name":"Portada","item":"https:\/\/liceofrancesmoliere.es\/fr\/"},{"@type":"ListItem","position":2,"name":"Gracias por contactar"}]},{"@type":"WebSite","@id":"https:\/\/liceofrancesmoliere.es\/fr\/#website","url":"https:\/\/liceofrancesmoliere.es\/fr\/","name":"Lyc\u00e9e Fran\u00e7ais International Moli\u00e8re","description":"Colegio franc\u00e9s Internacional trinling\u00fce","publisher":{"@id":"https:\/\/liceofrancesmoliere.es\/fr\/#organization"},"alternateName":"LFIM Villanueva de la Ca\u00f1ada","potentialAction":[{"@type":"SearchAction","target":{"@type":"EntryPoint","urlTemplate":"https:\/\/liceofrancesmoliere.es\/fr\/?s={search_term_string}"},"query-input":{"@type":"PropertyValueSpecification","valueRequired":true,"valueName":"search_term_string"}}],"inLanguage":"fr-FR"},{"@type":"Organization","@id":"https:\/\/liceofrancesmoliere.es\/fr\/#organization","name":"Lyc\u00e9e Fran\u00e7ais International Moli\u00e8re, Villanueva de la Ca\u00f1ada","alternateName":"LFIM Villanueva de la Ca\u00f1ada","url":"https:\/\/liceofrancesmoliere.es\/fr\/","logo":{"@type":"ImageObject","inLanguage":"fr-FR","@id":"https:\/\/liceofrancesmoliere.es\/fr\/#\/schema\/logo\/image\/","url":"https:\/\/liceofrancesmoliere.es\/wp-content\/uploads\/Logo-web-nueva-color-correcto.png","contentUrl":"https:\/\/liceofrancesmoliere.es\/wp-content\/uploads\/Logo-web-nueva-color-correcto.png","width":184,"height":61,"caption":"Lyc\u00e9e Fran\u00e7ais International Moli\u00e8re, Villanueva de la Ca\u00f1ada"},"image":{"@id":"https:\/\/liceofrancesmoliere.es\/fr\/#\/schema\/logo\/image\/"},"sameAs":["https:\/\/www.facebook.com\/lyceefrancaismoliere","https:\/\/x.com\/lfimoliere","https:\/\/www.instagram.com\/lyceefrancaismoliere\/","https:\/\/www.youtube.com\/user\/LyceeMoliereVVA","https:\/\/www.linkedin.com\/in\/lfimoliere\/"]}]}},"_links":{"self":[{"href":"https:\/\/liceofrancesmoliere.es\/fr\/wp-json\/wp\/v2\/pages\/4410","targetHints":{"allow":["GET"]}}],"collection":[{"href":"https:\/\/liceofrancesmoliere.es\/fr\/wp-json\/wp\/v2\/pages"}],"about":[{"href":"https:\/\/liceofrancesmoliere.es\/fr\/wp-json\/wp\/v2\/types\/page"}],"author":[{"embeddable":true,"href":"https:\/\/liceofrancesmoliere.es\/fr\/wp-json\/wp\/v2\/users\/5"}],"replies":[{"embeddable":true,"href":"https:\/\/liceofrancesmoliere.es\/fr\/wp-json\/wp\/v2\/comments?post=4410"}],"version-history":[{"count":6,"href":"https:\/\/liceofrancesmoliere.es\/fr\/wp-json\/wp\/v2\/pages\/4410\/revisions"}],"predecessor-version":[{"id":9071,"href":"https:\/\/liceofrancesmoliere.es\/fr\/wp-json\/wp\/v2\/pages\/4410\/revisions\/9071"}],"wp:attachment":[{"href":"https:\/\/liceofrancesmoliere.es\/fr\/wp-json\/wp\/v2\/media?parent=4410"}],"curies":[{"name":"wp","href":"https:\/\/api.w.org\/{rel}","templated":true}]}}