{"id":10479,"date":"2024-01-30T11:46:41","date_gmt":"2024-01-30T11:46:41","guid":{"rendered":"https:\/\/liceofrancesmoliere.es\/?page_id=10479"},"modified":"2026-02-20T09:44:05","modified_gmt":"2026-02-20T09:44:05","slug":"travaillez-avec-nous","status":"publish","type":"page","link":"https:\/\/liceofrancesmoliere.es\/fr\/travaillez-avec-nous\/","title":{"rendered":"Travaillez avec nous"},"content":{"rendered":"\t\t<div data-elementor-type=\"wp-page\" data-elementor-id=\"10479\" class=\"elementor elementor-10479 elementor-8061\" data-elementor-post-type=\"page\">\n\t\t\t\t\t\t<section class=\"elementor-section elementor-top-section elementor-element elementor-element-2d4e13a elementor-section-content-middle elementor-section-height-min-height elementor-section-stretched elementor-section-boxed elementor-section-height-default elementor-section-items-middle\" data-id=\"2d4e13a\" data-element_type=\"section\" data-e-type=\"section\" data-settings=\"{&quot;background_background&quot;:&quot;classic&quot;,&quot;stretch_section&quot;:&quot;section-stretched&quot;}\">\n\t\t\t\t\t\t\t<div class=\"elementor-background-overlay\"><\/div>\n\t\t\t\t\t\t\t<div class=\"elementor-container elementor-column-gap-no\">\n\t\t\t\t\t<div class=\"elementor-column elementor-col-100 elementor-top-column elementor-element elementor-element-a7c8bef\" data-id=\"a7c8bef\" data-element_type=\"column\" data-e-type=\"column\">\n\t\t\t<div class=\"elementor-widget-wrap elementor-element-populated\">\n\t\t\t\t\t\t<section class=\"elementor-section elementor-inner-section elementor-element elementor-element-de9984a elementor-section-content-middle elementor-section-boxed elementor-section-height-default elementor-section-height-default\" data-id=\"de9984a\" data-element_type=\"section\" data-e-type=\"section\">\n\t\t\t\t\t\t<div class=\"elementor-container elementor-column-gap-no\">\n\t\t\t\t\t<div class=\"elementor-column elementor-col-100 elementor-inner-column elementor-element elementor-element-f2082b1\" data-id=\"f2082b1\" data-element_type=\"column\" data-e-type=\"column\">\n\t\t\t<div class=\"elementor-widget-wrap elementor-element-populated\">\n\t\t\t\t\t\t<div class=\"elementor-element elementor-element-86d38f5 elementor-widget__width-initial elementor-widget elementor-widget-heading\" data-id=\"86d38f5\" data-element_type=\"widget\" data-e-type=\"widget\" data-widget_type=\"heading.default\">\n\t\t\t\t<div class=\"elementor-widget-container\">\n\t\t\t\t\t<h1 class=\"elementor-heading-title elementor-size-default\">Travaillez avec nous<\/h1>\t\t\t\t<\/div>\n\t\t\t\t<\/div>\n\t\t\t\t\t<\/div>\n\t\t<\/div>\n\t\t\t\t\t<\/div>\n\t\t<\/section>\n\t\t\t\t\t<\/div>\n\t\t<\/div>\n\t\t\t\t\t<\/div>\n\t\t<\/section>\n\t\t\t\t<section class=\"elementor-section elementor-top-section elementor-element elementor-element-32c01e6 elementor-section-stretched elementor-section-boxed elementor-section-height-default elementor-section-height-default\" data-id=\"32c01e6\" data-element_type=\"section\" data-e-type=\"section\" data-settings=\"{&quot;background_background&quot;:&quot;classic&quot;,&quot;stretch_section&quot;:&quot;section-stretched&quot;}\">\n\t\t\t\t\t\t<div class=\"elementor-container elementor-column-gap-default\">\n\t\t\t\t\t<div class=\"elementor-column elementor-col-100 elementor-top-column elementor-element elementor-element-d3280d3\" data-id=\"d3280d3\" data-element_type=\"column\" data-e-type=\"column\">\n\t\t\t<div class=\"elementor-widget-wrap elementor-element-populated\">\n\t\t\t\t\t\t<div class=\"elementor-element elementor-element-bd317bb elementor-widget elementor-widget-heading\" data-id=\"bd317bb\" data-element_type=\"widget\" data-e-type=\"widget\" data-widget_type=\"heading.default\">\n\t\t\t\t<div class=\"elementor-widget-container\">\n\t\t\t\t\t<h2 class=\"elementor-heading-title elementor-size-default\">Offres d'emploi<\/h2>\t\t\t\t<\/div>\n\t\t\t\t<\/div>\n\t\t\t\t\t<\/div>\n\t\t<\/div>\n\t\t\t\t\t<\/div>\n\t\t<\/section>\n\t\t\t\t<section class=\"elementor-section elementor-inner-section elementor-element elementor-element-58012bbc elementor-section-boxed elementor-section-height-default elementor-section-height-default\" data-id=\"58012bbc\" data-element_type=\"section\" data-e-type=\"section\" data-settings=\"{&quot;background_background&quot;:&quot;classic&quot;}\">\n\t\t\t\t\t\t<div class=\"elementor-container elementor-column-gap-default\">\n\t\t\t\t\t<div class=\"elementor-column elementor-col-25 elementor-inner-column elementor-element elementor-element-933b108\" data-id=\"933b108\" data-element_type=\"column\" data-e-type=\"column\" data-settings=\"{&quot;background_background&quot;:&quot;classic&quot;}\">\n\t\t\t<div class=\"elementor-widget-wrap elementor-element-populated\">\n\t\t\t\t\t\t<div class=\"elementor-element elementor-element-ffdb7d6 elementor-widget elementor-widget-heading\" data-id=\"ffdb7d6\" data-element_type=\"widget\" data-e-type=\"widget\" data-widget_type=\"heading.default\">\n\t\t\t\t<div class=\"elementor-widget-container\">\n\t\t\t\t\t<h3 class=\"elementor-heading-title elementor-size-default\">\u00c9ducateur\/ \u00c9ducatrice Cr\u00e8che<\/h3>\t\t\t\t<\/div>\n\t\t\t\t<\/div>\n\t\t\t\t<div class=\"elementor-element elementor-element-9aa159e elementor-icon-list--layout-traditional elementor-list-item-link-full_width elementor-widget elementor-widget-icon-list\" data-id=\"9aa159e\" data-element_type=\"widget\" data-e-type=\"widget\" data-widget_type=\"icon-list.default\">\n\t\t\t\t<div class=\"elementor-widget-container\">\n\t\t\t\t\t\t\t<ul class=\"elementor-icon-list-items\">\n\t\t\t\t\t\t\t<li class=\"elementor-icon-list-item\">\n\t\t\t\t\t\t\t\t\t\t\t<span class=\"elementor-icon-list-icon\">\n\t\t\t\t\t\t\t<i aria-hidden=\"true\" class=\"fas fa-dot-circle\"><\/i>\t\t\t\t\t\t<\/span>\n\t\t\t\t\t\t\t\t\t\t<span class=\"elementor-icon-list-text\">CDI<\/span>\n\t\t\t\t\t\t\t\t\t<\/li>\n\t\t\t\t\t\t\t\t<li class=\"elementor-icon-list-item\">\n\t\t\t\t\t\t\t\t\t\t\t<span class=\"elementor-icon-list-icon\">\n\t\t\t\t\t\t\t<i aria-hidden=\"true\" class=\"fas fa-dot-circle\"><\/i>\t\t\t\t\t\t<\/span>\n\t\t\t\t\t\t\t\t\t\t<span class=\"elementor-icon-list-text\">D\u00e9but : septembre 2025<\/span>\n\t\t\t\t\t\t\t\t\t<\/li>\n\t\t\t\t\t\t<\/ul>\n\t\t\t\t\t\t<\/div>\n\t\t\t\t<\/div>\n\t\t\t\t<div class=\"elementor-element elementor-element-9d8f75f elementor-widget elementor-widget-button\" data-id=\"9d8f75f\" data-element_type=\"widget\" data-e-type=\"widget\" data-widget_type=\"button.default\">\n\t\t\t\t<div class=\"elementor-widget-container\">\n\t\t\t\t\t\t\t\t\t<div class=\"elementor-button-wrapper\">\n\t\t\t\t\t<a class=\"elementor-button elementor-button-link elementor-size-xs\" href=\"https:\/\/liceofrancesmoliere.es\/wp-content\/uploads\/offre-de-poste-educatrice-mars25.pdf\" target=\"_blank\">\n\t\t\t\t\t\t<span class=\"elementor-button-content-wrapper\">\n\t\t\t\t\t\t<span class=\"elementor-button-icon\">\n\t\t\t\t<i aria-hidden=\"true\" class=\"far fa-file-pdf\"><\/i>\t\t\t<\/span>\n\t\t\t\t\t\t\t\t\t<span class=\"elementor-button-text\">Voir l'offre compl\u00e8te<\/span>\n\t\t\t\t\t<\/span>\n\t\t\t\t\t<\/a>\n\t\t\t\t<\/div>\n\t\t\t\t\t\t\t\t<\/div>\n\t\t\t\t<\/div>\n\t\t\t\t\t<\/div>\n\t\t<\/div>\n\t\t\t\t<div class=\"elementor-column elementor-col-25 elementor-inner-column elementor-element elementor-element-bf17760\" data-id=\"bf17760\" data-element_type=\"column\" data-e-type=\"column\" data-settings=\"{&quot;background_background&quot;:&quot;classic&quot;}\">\n\t\t\t<div class=\"elementor-widget-wrap elementor-element-populated\">\n\t\t\t\t\t\t<div class=\"elementor-element elementor-element-0c29cf6 elementor-widget elementor-widget-heading\" data-id=\"0c29cf6\" data-element_type=\"widget\" data-e-type=\"widget\" data-widget_type=\"heading.default\">\n\t\t\t\t<div class=\"elementor-widget-container\">\n\t\t\t\t\t<h3 class=\"elementor-heading-title elementor-size-default\">Enseignant(e) francophone : Primaire (rempla\u00e7ant)<\/h3>\t\t\t\t<\/div>\n\t\t\t\t<\/div>\n\t\t\t\t<div class=\"elementor-element elementor-element-dafa62d elementor-icon-list--layout-traditional elementor-list-item-link-full_width elementor-widget elementor-widget-icon-list\" data-id=\"dafa62d\" data-element_type=\"widget\" data-e-type=\"widget\" data-widget_type=\"icon-list.default\">\n\t\t\t\t<div class=\"elementor-widget-container\">\n\t\t\t\t\t\t\t<ul class=\"elementor-icon-list-items\">\n\t\t\t\t\t\t\t<li class=\"elementor-icon-list-item\">\n\t\t\t\t\t\t\t\t\t\t\t<span class=\"elementor-icon-list-icon\">\n\t\t\t\t\t\t\t<i aria-hidden=\"true\" class=\"fas fa-dot-circle\"><\/i>\t\t\t\t\t\t<\/span>\n\t\t\t\t\t\t\t\t\t\t<span class=\"elementor-icon-list-text\">Remplacements de courte dur\u00e9e<\/span>\n\t\t\t\t\t\t\t\t\t<\/li>\n\t\t\t\t\t\t\t\t<li class=\"elementor-icon-list-item\">\n\t\t\t\t\t\t\t\t\t\t\t<span class=\"elementor-icon-list-icon\">\n\t\t\t\t\t\t\t<i aria-hidden=\"true\" class=\"fas fa-dot-circle\"><\/i>\t\t\t\t\t\t<\/span>\n\t\t\t\t\t\t\t\t\t\t<span class=\"elementor-icon-list-text\">D\u00e9but : octobre 2025<\/span>\n\t\t\t\t\t\t\t\t\t<\/li>\n\t\t\t\t\t\t<\/ul>\n\t\t\t\t\t\t<\/div>\n\t\t\t\t<\/div>\n\t\t\t\t<div class=\"elementor-element elementor-element-65cbe36 elementor-widget elementor-widget-button\" data-id=\"65cbe36\" data-element_type=\"widget\" data-e-type=\"widget\" data-widget_type=\"button.default\">\n\t\t\t\t<div class=\"elementor-widget-container\">\n\t\t\t\t\t\t\t\t\t<div class=\"elementor-button-wrapper\">\n\t\t\t\t\t<a class=\"elementor-button elementor-button-link elementor-size-xs\" href=\"https:\/\/liceofrancesmoliere.es\/wp-content\/uploads\/Offre-demploi-P.E.-rempla-Google-Docs-1.pdf\" target=\"_blank\">\n\t\t\t\t\t\t<span class=\"elementor-button-content-wrapper\">\n\t\t\t\t\t\t<span class=\"elementor-button-icon\">\n\t\t\t\t<i aria-hidden=\"true\" class=\"far fa-file-pdf\"><\/i>\t\t\t<\/span>\n\t\t\t\t\t\t\t\t\t<span class=\"elementor-button-text\">Voir l'offre compl\u00e8te<\/span>\n\t\t\t\t\t<\/span>\n\t\t\t\t\t<\/a>\n\t\t\t\t<\/div>\n\t\t\t\t\t\t\t\t<\/div>\n\t\t\t\t<\/div>\n\t\t\t\t\t<\/div>\n\t\t<\/div>\n\t\t\t\t<div class=\"elementor-column elementor-col-25 elementor-inner-column elementor-element elementor-element-04af270\" data-id=\"04af270\" data-element_type=\"column\" data-e-type=\"column\" data-settings=\"{&quot;background_background&quot;:&quot;classic&quot;}\">\n\t\t\t<div class=\"elementor-widget-wrap elementor-element-populated\">\n\t\t\t\t\t\t<div class=\"elementor-element elementor-element-b80e28a elementor-widget elementor-widget-heading\" data-id=\"b80e28a\" data-element_type=\"widget\" data-e-type=\"widget\" data-widget_type=\"heading.default\">\n\t\t\t\t<div class=\"elementor-widget-container\">\n\t\t\t\t\t<h3 class=\"elementor-heading-title elementor-size-default\">Directeur(trice) du Primaire et Proviseur(e) adjoint(e) du Secondaire<\/h3>\t\t\t\t<\/div>\n\t\t\t\t<\/div>\n\t\t\t\t<div class=\"elementor-element elementor-element-31fd910 elementor-icon-list--layout-traditional elementor-list-item-link-full_width elementor-widget elementor-widget-icon-list\" data-id=\"31fd910\" data-element_type=\"widget\" data-e-type=\"widget\" data-widget_type=\"icon-list.default\">\n\t\t\t\t<div class=\"elementor-widget-container\">\n\t\t\t\t\t\t\t<ul class=\"elementor-icon-list-items\">\n\t\t\t\t\t\t\t<li class=\"elementor-icon-list-item\">\n\t\t\t\t\t\t\t\t\t\t\t<span class=\"elementor-icon-list-icon\">\n\t\t\t\t\t\t\t<i aria-hidden=\"true\" class=\"fas fa-dot-circle\"><\/i>\t\t\t\t\t\t<\/span>\n\t\t\t\t\t\t\t\t\t\t<span class=\"elementor-icon-list-text\">D\u00e9but : septembre 2026<\/span>\n\t\t\t\t\t\t\t\t\t<\/li>\n\t\t\t\t\t\t<\/ul>\n\t\t\t\t\t\t<\/div>\n\t\t\t\t<\/div>\n\t\t\t\t<div class=\"elementor-element elementor-element-6bf3de6 elementor-widget elementor-widget-button\" data-id=\"6bf3de6\" data-element_type=\"widget\" data-e-type=\"widget\" data-widget_type=\"button.default\">\n\t\t\t\t<div class=\"elementor-widget-container\">\n\t\t\t\t\t\t\t\t\t<div class=\"elementor-button-wrapper\">\n\t\t\t\t\t<a class=\"elementor-button elementor-button-link elementor-size-xs\" href=\"https:\/\/liceofrancesmoliere.es\/wp-content\/uploads\/Offre-emploi-directeur-primaire-et-adjoint-secondaire-LfiMoliere.pdf\" target=\"_blank\">\n\t\t\t\t\t\t<span class=\"elementor-button-content-wrapper\">\n\t\t\t\t\t\t<span class=\"elementor-button-icon\">\n\t\t\t\t<i aria-hidden=\"true\" class=\"far fa-file-pdf\"><\/i>\t\t\t<\/span>\n\t\t\t\t\t\t\t\t\t<span class=\"elementor-button-text\">Voir l'offre compl\u00e8te<\/span>\n\t\t\t\t\t<\/span>\n\t\t\t\t\t<\/a>\n\t\t\t\t<\/div>\n\t\t\t\t\t\t\t\t<\/div>\n\t\t\t\t<\/div>\n\t\t\t\t\t<\/div>\n\t\t<\/div>\n\t\t\t\t<div class=\"elementor-column elementor-col-25 elementor-inner-column elementor-element elementor-element-1fee301\" data-id=\"1fee301\" data-element_type=\"column\" data-e-type=\"column\" data-settings=\"{&quot;background_background&quot;:&quot;classic&quot;}\">\n\t\t\t<div class=\"elementor-widget-wrap elementor-element-populated\">\n\t\t\t\t\t\t\t<\/div>\n\t\t<\/div>\n\t\t\t\t\t<\/div>\n\t\t<\/section>\n\t\t\t\t<section class=\"elementor-section elementor-inner-section elementor-element elementor-element-09177fc elementor-section-boxed elementor-section-height-default elementor-section-height-default\" data-id=\"09177fc\" data-element_type=\"section\" data-e-type=\"section\" data-settings=\"{&quot;background_background&quot;:&quot;classic&quot;}\">\n\t\t\t\t\t\t<div class=\"elementor-container elementor-column-gap-default\">\n\t\t\t\t\t<div class=\"elementor-column elementor-col-50 elementor-inner-column elementor-element elementor-element-311d5b6\" data-id=\"311d5b6\" data-element_type=\"column\" data-e-type=\"column\" data-settings=\"{&quot;background_background&quot;:&quot;classic&quot;}\">\n\t\t\t<div class=\"elementor-widget-wrap\">\n\t\t\t\t\t\t\t<\/div>\n\t\t<\/div>\n\t\t\t\t<div class=\"elementor-column elementor-col-50 elementor-inner-column elementor-element elementor-element-1227f1b\" data-id=\"1227f1b\" data-element_type=\"column\" data-e-type=\"column\" data-settings=\"{&quot;background_background&quot;:&quot;classic&quot;}\">\n\t\t\t<div class=\"elementor-widget-wrap\">\n\t\t\t\t\t\t\t<\/div>\n\t\t<\/div>\n\t\t\t\t\t<\/div>\n\t\t<\/section>\n\t\t\t\t<section class=\"elementor-section elementor-top-section elementor-element elementor-element-abfbbf3 elementor-section-boxed elementor-section-height-default elementor-section-height-default\" data-id=\"abfbbf3\" data-element_type=\"section\" data-e-type=\"section\">\n\t\t\t\t\t\t<div class=\"elementor-container elementor-column-gap-default\">\n\t\t\t\t\t<div class=\"elementor-column elementor-col-100 elementor-top-column elementor-element elementor-element-2764830\" data-id=\"2764830\" data-element_type=\"column\" data-e-type=\"column\">\n\t\t\t<div class=\"elementor-widget-wrap elementor-element-populated\">\n\t\t\t\t\t\t<div class=\"elementor-element elementor-element-4a5f7a8 elementor-widget elementor-widget-spacer\" data-id=\"4a5f7a8\" data-element_type=\"widget\" data-e-type=\"widget\" data-widget_type=\"spacer.default\">\n\t\t\t\t<div class=\"elementor-widget-container\">\n\t\t\t\t\t\t\t<div class=\"elementor-spacer\">\n\t\t\t<div class=\"elementor-spacer-inner\"><\/div>\n\t\t<\/div>\n\t\t\t\t\t\t<\/div>\n\t\t\t\t<\/div>\n\t\t\t\t\t<\/div>\n\t\t<\/div>\n\t\t\t\t\t<\/div>\n\t\t<\/section>\n\t\t\t\t<\/div>\n\t\t","protected":false},"excerpt":{"rendered":"<p>Travaillez avec nous Offres d&#8217;emploi \u00c9ducateur\/ \u00c9ducatrice Cr\u00e8che CDI D\u00e9but : septembre 2025 Voir l&rsquo;offre compl\u00e8te Enseignant(e) francophone : Primaire (rempla\u00e7ant) Remplacements de courte dur\u00e9e D\u00e9but : octobre 2025 Voir l&rsquo;offre compl\u00e8te Directeur(trice) du Primaire et Proviseur(e) adjoint(e) du Secondaire D\u00e9but : septembre 2026 Voir l&rsquo;offre compl\u00e8te<\/p>\n","protected":false},"author":5,"featured_media":0,"parent":0,"menu_order":0,"comment_status":"closed","ping_status":"closed","template":"elementor_header_footer","meta":{"footnotes":""},"class_list":["post-10479","page","type-page","status-publish","hentry"],"yoast_head":"<!-- This site is optimized with the Yoast SEO Premium plugin v21.8 (Yoast SEO v27.2) - https:\/\/yoast.com\/product\/yoast-seo-premium-wordpress\/ -->\n<title>Travaillez avec nous | Lyc\u00e9e Fran\u00e7ais International Moli\u00e8re<\/title>\n<meta name=\"robots\" content=\"index, follow, max-snippet:-1, max-image-preview:large, max-video-preview:-1\" \/>\n<link rel=\"canonical\" href=\"https:\/\/liceofrancesmoliere.es\/fr\/travaillez-avec-nous\/\" \/>\n<meta property=\"og:locale\" content=\"fr_FR\" \/>\n<meta property=\"og:type\" content=\"article\" \/>\n<meta property=\"og:title\" content=\"Travaillez avec nous\" \/>\n<meta property=\"og:description\" content=\"Travaillez avec nous Offres d&#8217;emploi \u00c9ducateur\/ \u00c9ducatrice Cr\u00e8che CDI D\u00e9but : septembre 2025 Voir l&rsquo;offre compl\u00e8te Enseignant(e) francophone : Primaire (rempla\u00e7ant) Remplacements de courte dur\u00e9e D\u00e9but : octobre 2025 Voir l&rsquo;offre compl\u00e8te Directeur(trice) du Primaire et Proviseur(e) adjoint(e) du Secondaire D\u00e9but : septembre 2026 Voir l&rsquo;offre compl\u00e8te\" \/>\n<meta property=\"og:url\" content=\"https:\/\/liceofrancesmoliere.es\/fr\/travaillez-avec-nous\/\" \/>\n<meta property=\"og:site_name\" content=\"Lyc\u00e9e Fran\u00e7ais International Moli\u00e8re\" \/>\n<meta property=\"article:publisher\" content=\"https:\/\/www.facebook.com\/lyceefrancaismoliere\" \/>\n<meta property=\"article:modified_time\" content=\"2026-02-20T09:44:05+00:00\" \/>\n<meta property=\"og:image\" content=\"https:\/\/liceofrancesmoliere.es\/wp-content\/uploads\/Logo-web-nueva-50-aniversario-250-\u00d7-100-px-espanol.png\" \/>\n\t<meta property=\"og:image:width\" content=\"250\" \/>\n\t<meta property=\"og:image:height\" content=\"100\" \/>\n\t<meta property=\"og:image:type\" content=\"image\/png\" \/>\n<meta name=\"twitter:card\" content=\"summary_large_image\" \/>\n<meta name=\"twitter:site\" content=\"@lfimoliere\" \/>\n<meta name=\"twitter:label1\" content=\"Dur\u00e9e de lecture estim\u00e9e\" \/>\n\t<meta name=\"twitter:data1\" content=\"1 minute\" \/>\n<script type=\"application\/ld+json\" class=\"yoast-schema-graph\">{\"@context\":\"https:\/\/schema.org\",\"@graph\":[{\"@type\":\"WebPage\",\"@id\":\"https:\/\/liceofrancesmoliere.es\/fr\/travaillez-avec-nous\/\",\"url\":\"https:\/\/liceofrancesmoliere.es\/fr\/travaillez-avec-nous\/\",\"name\":\"Travaillez avec nous | Lyc\u00e9e Fran\u00e7ais International Moli\u00e8re\",\"isPartOf\":{\"@id\":\"https:\/\/liceofrancesmoliere.es\/fr\/#website\"},\"datePublished\":\"2024-01-30T11:46:41+00:00\",\"dateModified\":\"2026-02-20T09:44:05+00:00\",\"breadcrumb\":{\"@id\":\"https:\/\/liceofrancesmoliere.es\/fr\/travaillez-avec-nous\/#breadcrumb\"},\"inLanguage\":\"fr-FR\",\"potentialAction\":[{\"@type\":\"ReadAction\",\"target\":[\"https:\/\/liceofrancesmoliere.es\/fr\/travaillez-avec-nous\/\"]}]},{\"@type\":\"BreadcrumbList\",\"@id\":\"https:\/\/liceofrancesmoliere.es\/fr\/travaillez-avec-nous\/#breadcrumb\",\"itemListElement\":[{\"@type\":\"ListItem\",\"position\":1,\"name\":\"Portada\",\"item\":\"https:\/\/liceofrancesmoliere.es\/fr\/\"},{\"@type\":\"ListItem\",\"position\":2,\"name\":\"Travaillez avec nous\"}]},{\"@type\":\"WebSite\",\"@id\":\"https:\/\/liceofrancesmoliere.es\/fr\/#website\",\"url\":\"https:\/\/liceofrancesmoliere.es\/fr\/\",\"name\":\"Lyc\u00e9e Fran\u00e7ais International Moli\u00e8re\",\"description\":\"Colegio franc\u00e9s Internacional trinling\u00fce\",\"publisher\":{\"@id\":\"https:\/\/liceofrancesmoliere.es\/fr\/#organization\"},\"alternateName\":\"LFIM Villanueva de la Ca\u00f1ada\",\"potentialAction\":[{\"@type\":\"SearchAction\",\"target\":{\"@type\":\"EntryPoint\",\"urlTemplate\":\"https:\/\/liceofrancesmoliere.es\/fr\/?s={search_term_string}\"},\"query-input\":{\"@type\":\"PropertyValueSpecification\",\"valueRequired\":true,\"valueName\":\"search_term_string\"}}],\"inLanguage\":\"fr-FR\"},{\"@type\":\"Organization\",\"@id\":\"https:\/\/liceofrancesmoliere.es\/fr\/#organization\",\"name\":\"Lyc\u00e9e Fran\u00e7ais International Moli\u00e8re, Villanueva de la Ca\u00f1ada\",\"alternateName\":\"LFIM Villanueva de la Ca\u00f1ada\",\"url\":\"https:\/\/liceofrancesmoliere.es\/fr\/\",\"logo\":{\"@type\":\"ImageObject\",\"inLanguage\":\"fr-FR\",\"@id\":\"https:\/\/liceofrancesmoliere.es\/fr\/#\/schema\/logo\/image\/\",\"url\":\"https:\/\/liceofrancesmoliere.es\/wp-content\/uploads\/Logo-web-nueva-color-correcto.png\",\"contentUrl\":\"https:\/\/liceofrancesmoliere.es\/wp-content\/uploads\/Logo-web-nueva-color-correcto.png\",\"width\":184,\"height\":61,\"caption\":\"Lyc\u00e9e Fran\u00e7ais International Moli\u00e8re, Villanueva de la Ca\u00f1ada\"},\"image\":{\"@id\":\"https:\/\/liceofrancesmoliere.es\/fr\/#\/schema\/logo\/image\/\"},\"sameAs\":[\"https:\/\/www.facebook.com\/lyceefrancaismoliere\",\"https:\/\/x.com\/lfimoliere\",\"https:\/\/www.instagram.com\/lyceefrancaismoliere\/\",\"https:\/\/www.youtube.com\/user\/LyceeMoliereVVA\",\"https:\/\/www.linkedin.com\/in\/lfimoliere\/\"]}]}<\/script>\n<!-- \/ Yoast SEO Premium plugin. -->","yoast_head_json":{"title":"Travaillez avec nous | Lyc\u00e9e Fran\u00e7ais International Moli\u00e8re","robots":{"index":"index","follow":"follow","max-snippet":"max-snippet:-1","max-image-preview":"max-image-preview:large","max-video-preview":"max-video-preview:-1"},"canonical":"https:\/\/liceofrancesmoliere.es\/fr\/travaillez-avec-nous\/","og_locale":"fr_FR","og_type":"article","og_title":"Travaillez avec nous","og_description":"Travaillez avec nous Offres d&#8217;emploi \u00c9ducateur\/ \u00c9ducatrice Cr\u00e8che CDI D\u00e9but : septembre 2025 Voir l&rsquo;offre compl\u00e8te Enseignant(e) francophone : Primaire (rempla\u00e7ant) Remplacements de courte dur\u00e9e D\u00e9but : octobre 2025 Voir l&rsquo;offre compl\u00e8te Directeur(trice) du Primaire et Proviseur(e) adjoint(e) du Secondaire D\u00e9but : septembre 2026 Voir l&rsquo;offre compl\u00e8te","og_url":"https:\/\/liceofrancesmoliere.es\/fr\/travaillez-avec-nous\/","og_site_name":"Lyc\u00e9e Fran\u00e7ais International Moli\u00e8re","article_publisher":"https:\/\/www.facebook.com\/lyceefrancaismoliere","article_modified_time":"2026-02-20T09:44:05+00:00","og_image":[{"width":250,"height":100,"url":"https:\/\/liceofrancesmoliere.es\/wp-content\/uploads\/Logo-web-nueva-50-aniversario-250-\u00d7-100-px-espanol.png","type":"image\/png"}],"twitter_card":"summary_large_image","twitter_site":"@lfimoliere","twitter_misc":{"Dur\u00e9e de lecture estim\u00e9e":"1 minute"},"schema":{"@context":"https:\/\/schema.org","@graph":[{"@type":"WebPage","@id":"https:\/\/liceofrancesmoliere.es\/fr\/travaillez-avec-nous\/","url":"https:\/\/liceofrancesmoliere.es\/fr\/travaillez-avec-nous\/","name":"Travaillez avec nous | Lyc\u00e9e Fran\u00e7ais International Moli\u00e8re","isPartOf":{"@id":"https:\/\/liceofrancesmoliere.es\/fr\/#website"},"datePublished":"2024-01-30T11:46:41+00:00","dateModified":"2026-02-20T09:44:05+00:00","breadcrumb":{"@id":"https:\/\/liceofrancesmoliere.es\/fr\/travaillez-avec-nous\/#breadcrumb"},"inLanguage":"fr-FR","potentialAction":[{"@type":"ReadAction","target":["https:\/\/liceofrancesmoliere.es\/fr\/travaillez-avec-nous\/"]}]},{"@type":"BreadcrumbList","@id":"https:\/\/liceofrancesmoliere.es\/fr\/travaillez-avec-nous\/#breadcrumb","itemListElement":[{"@type":"ListItem","position":1,"name":"Portada","item":"https:\/\/liceofrancesmoliere.es\/fr\/"},{"@type":"ListItem","position":2,"name":"Travaillez avec nous"}]},{"@type":"WebSite","@id":"https:\/\/liceofrancesmoliere.es\/fr\/#website","url":"https:\/\/liceofrancesmoliere.es\/fr\/","name":"Lyc\u00e9e Fran\u00e7ais International Moli\u00e8re","description":"Colegio franc\u00e9s Internacional trinling\u00fce","publisher":{"@id":"https:\/\/liceofrancesmoliere.es\/fr\/#organization"},"alternateName":"LFIM Villanueva de la Ca\u00f1ada","potentialAction":[{"@type":"SearchAction","target":{"@type":"EntryPoint","urlTemplate":"https:\/\/liceofrancesmoliere.es\/fr\/?s={search_term_string}"},"query-input":{"@type":"PropertyValueSpecification","valueRequired":true,"valueName":"search_term_string"}}],"inLanguage":"fr-FR"},{"@type":"Organization","@id":"https:\/\/liceofrancesmoliere.es\/fr\/#organization","name":"Lyc\u00e9e Fran\u00e7ais International Moli\u00e8re, Villanueva de la Ca\u00f1ada","alternateName":"LFIM Villanueva de la Ca\u00f1ada","url":"https:\/\/liceofrancesmoliere.es\/fr\/","logo":{"@type":"ImageObject","inLanguage":"fr-FR","@id":"https:\/\/liceofrancesmoliere.es\/fr\/#\/schema\/logo\/image\/","url":"https:\/\/liceofrancesmoliere.es\/wp-content\/uploads\/Logo-web-nueva-color-correcto.png","contentUrl":"https:\/\/liceofrancesmoliere.es\/wp-content\/uploads\/Logo-web-nueva-color-correcto.png","width":184,"height":61,"caption":"Lyc\u00e9e Fran\u00e7ais International Moli\u00e8re, Villanueva de la Ca\u00f1ada"},"image":{"@id":"https:\/\/liceofrancesmoliere.es\/fr\/#\/schema\/logo\/image\/"},"sameAs":["https:\/\/www.facebook.com\/lyceefrancaismoliere","https:\/\/x.com\/lfimoliere","https:\/\/www.instagram.com\/lyceefrancaismoliere\/","https:\/\/www.youtube.com\/user\/LyceeMoliereVVA","https:\/\/www.linkedin.com\/in\/lfimoliere\/"]}]}},"_links":{"self":[{"href":"https:\/\/liceofrancesmoliere.es\/fr\/wp-json\/wp\/v2\/pages\/10479","targetHints":{"allow":["GET"]}}],"collection":[{"href":"https:\/\/liceofrancesmoliere.es\/fr\/wp-json\/wp\/v2\/pages"}],"about":[{"href":"https:\/\/liceofrancesmoliere.es\/fr\/wp-json\/wp\/v2\/types\/page"}],"author":[{"embeddable":true,"href":"https:\/\/liceofrancesmoliere.es\/fr\/wp-json\/wp\/v2\/users\/5"}],"replies":[{"embeddable":true,"href":"https:\/\/liceofrancesmoliere.es\/fr\/wp-json\/wp\/v2\/comments?post=10479"}],"version-history":[{"count":78,"href":"https:\/\/liceofrancesmoliere.es\/fr\/wp-json\/wp\/v2\/pages\/10479\/revisions"}],"predecessor-version":[{"id":17813,"href":"https:\/\/liceofrancesmoliere.es\/fr\/wp-json\/wp\/v2\/pages\/10479\/revisions\/17813"}],"wp:attachment":[{"href":"https:\/\/liceofrancesmoliere.es\/fr\/wp-json\/wp\/v2\/media?parent=10479"}],"curies":[{"name":"wp","href":"https:\/\/api.w.org\/{rel}","templated":true}]}}